{"id":40162,"date":"2022-04-14T08:12:54","date_gmt":"2022-04-14T08:12:54","guid":{"rendered":"https:\/\/sprint.gr\/chi-siamo\/"},"modified":"2025-04-14T12:55:45","modified_gmt":"2025-04-14T12:55:45","slug":"chi-siamo","status":"publish","type":"page","link":"https:\/\/sprint.gr\/it\/chi-siamo\/","title":{"rendered":"Chi siamo"},"content":{"rendered":"\t\t<div data-elementor-type=\"wp-page\" data-elementor-id=\"40162\" class=\"elementor elementor-40162 elementor-8561\" data-elementor-post-type=\"page\">\n\t\t\t\t\t\t<section class=\"wd-negative-gap elementor-section elementor-top-section elementor-element elementor-element-1519da4 elementor-section-boxed elementor-section-height-default elementor-section-height-default wd-section-disabled\" data-id=\"1519da4\" data-element_type=\"section\">\n\t\t\t\t\t\t<div class=\"elementor-container elementor-column-gap-default\">\n\t\t\t\t\t<div class=\"elementor-column elementor-col-100 elementor-top-column elementor-element elementor-element-cd46a41\" data-id=\"cd46a41\" data-element_type=\"column\">\n\t\t\t<div class=\"elementor-widget-wrap elementor-element-populated\">\n\t\t\t\t\t\t<div class=\"elementor-element elementor-element-3309f95 elementor-widget elementor-widget-wd_text_block\" data-id=\"3309f95\" data-element_type=\"widget\" data-widget_type=\"wd_text_block.default\">\n\t\t\t\t<div class=\"elementor-widget-container\">\n\t\t\t\t\t<div class=\"wd-text-block reset-last-child text-left\">\n\t\t\t\n\t\t\t<p class=\"p1\" style=\"margin: 0cm;\"><span style=\"font-size: 13.0pt; font-family: UICTFontTextStyleBody; color: black;\">SPRINT \u00e8 nata come una sartoria che realizzava divise scolastiche in un quartiere di Salonicco e si \u00e8 trasformata in uno dei marchi di abbigliamento per bambini pi\u00f9 conosciuti in Grecia.<\/span><\/p><p class=\"p2\" style=\"margin: 0cm; min-height: 22px;\">\u00a0<\/p><p class=\"p1\" style=\"margin: 0cm;\"><span style=\"font-size: 13.0pt; font-family: UICTFontTextStyleBody; color: black;\">Concentrandosi sulle esigenze dei bambini, SPRINT ha introdotto e reso popolare lo stile \"athleisure\" (abbigliamento comodo e sportivo) per i pi\u00f9 piccoli, creando collezioni comode, resistenti e dal carattere vivace e distintivo. Grazie alla creativit\u00e0 e all'attenzione alla qualit\u00e0, SPRINT \u00e8 entrata nelle case di quasi tutte le famiglie greche.<\/span><\/p><p class=\"p2\" style=\"margin: 0cm; min-height: 22px;\">\u00a0<\/p><p class=\"p1\" style=\"margin: 0cm;\"><span style=\"font-size: 13.0pt; font-family: UICTFontTextStyleBody; color: black;\">Dopo 40 anni di esperienza, l'azienda continua a crescere e a innovare, seguendo ogni fase della produzione, dal design alla distribuzione in centinaia punti vendita in tutta la Grecia. I loro capi sono realizzati con tessuti morbidi, rispettosi della pelle dei bambini, e presentano stampe e motivi unici, adatti per maschietti e femminucce, dai 12 mesi fino agli adolescenti.<\/span><\/p><p class=\"p2\" style=\"margin: 0cm; min-height: 22px;\">\u00a0<\/p><p class=\"p1\" style=\"margin: 0cm;\"><span style=\"font-size: 13.0pt; font-family: UICTFontTextStyleBody; color: black;\">SPRINT offre due collezioni annuali (Primavera\/Estate e Autunno\/Inverno) con completi di magliette, top, pantaloncini, leggings, tute e abiti perfetti per ogni occasione. Ogni collezione include capi essenziali per il guardaroba di ogni bambino.<\/span><\/p><p class=\"p2\" style=\"margin: 0cm; min-height: 22px;\">\u00a0<\/p><p class=\"p1\" style=\"margin: 0cm;\"><span style=\"font-size: 13.0pt; font-family: UICTFontTextStyleBody; color: black;\">Oggi, SPRINT continua a innovare con rispetto e attenzione, rispondendo alle esigenze della nuova generazione e dei genitori moderni.<\/span><\/p>\n\t\t\t\t\t<\/div>\n\t\t\t\t<\/div>\n\t\t\t\t<\/div>\n\t\t\t\t<div class=\"elementor-element elementor-element-16f9401 elementor-hidden-desktop elementor-hidden-tablet elementor-hidden-mobile elementor-widget elementor-widget-wd_text_block\" data-id=\"16f9401\" data-element_type=\"widget\" data-widget_type=\"wd_text_block.default\">\n\t\t\t\t<div class=\"elementor-widget-container\">\n\t\t\t\t\t<div class=\"wd-text-block reset-last-child text-left\">\n\t\t\t\n\t\t\t<p>Una sartoria che creava uniformi scolastiche in uno dei quartieri di Salonicco si \u00e8 evoluta in uno dei marchi di abbigliamento per bambini pi\u00f9 rinomati della Grecia.<\/p><p>Concentrandosi sulle esigenze dei giovani protagonisti, SPRINT ha messo in luce e affermato la tendenza athleisure nel mondo della moda per bambini in Grecia, con collezioni sinonimo di comfort e durata, distintive per identit\u00e0, vivacit\u00e0 e carattere dinamico. Con una mentalit\u00e0 creativa e l'impegno per la qualit\u00e0, SPRINT \u00e8 riuscita a entrare in ogni singola famiglia greca e a far crescere i genitori di oggi.<\/p><p>Con 40 anni di esperienza nel mondo dell'abbigliamento per bambini, il team di esperti di SPRINT \u00e8 in continua evoluzione e pionieristico: dalla previsione delle tendenze e la creazione di un design originale, alla produzione, al controllo qualit\u00e0 e alla distribuzione attraverso la logistica in 270 punti vendita in tutta la Grecia.<\/p><p>Le creazioni firmate SPRINT sono composte da tessuti morbidi che rispettano la pelle dei bambini, texture innovative, stampe originali e modelli unici, adatti a bambini e bambine dai 12 mesi ai ragazzi.<\/p><p>Le due collezioni annuali, Primavera\/Estate e Autunno\/Inverno, sono composte da coordinati con t-shirt, top e camicette senza maniche con pantaloncini e leggings, tute e abiti firmati, ideali per ogni occasione e in ogni momento della giornata. Ogni collezione \u00e8 arricchita da pezzi essenziali e irrinunciabili per il guardaroba di ogni giovane.<\/p><p>La SPRINT di oggi segue le esigenze sempre crescenti dei bambini di nuova generazione e continua a creare e innovare con rispetto, responsabilit\u00e0 e attenzione, rivolgendosi ai genitori della nuova era.<\/p>\n\t\t\t\t\t<\/div>\n\t\t\t\t<\/div>\n\t\t\t\t<\/div>\n\t\t\t\t\t<\/div>\n\t\t<\/div>\n\t\t\t\t\t<\/div>\n\t\t<\/section>\n\t\t\t\t<\/div>\n\t\t","protected":false},"excerpt":{"rendered":"<p>SPRINT \u00e8 nata come una sartoria che realizzava divise scolastiche in un quartiere di Salonicco e si \u00e8 trasformata in<\/p>\n","protected":false},"author":1,"featured_media":0,"parent":0,"menu_order":0,"comment_status":"closed","ping_status":"closed","template":"","meta":{"footnotes":""},"class_list":["post-40162","page","type-page","status-publish","hentry"],"acf":[],"_links":{"self":[{"href":"https:\/\/sprint.gr\/it\/wp-json\/wp\/v2\/pages\/40162","targetHints":{"allow":["GET"]}}],"collection":[{"href":"https:\/\/sprint.gr\/it\/wp-json\/wp\/v2\/pages"}],"about":[{"href":"https:\/\/sprint.gr\/it\/wp-json\/wp\/v2\/types\/page"}],"author":[{"embeddable":true,"href":"https:\/\/sprint.gr\/it\/wp-json\/wp\/v2\/users\/1"}],"replies":[{"embeddable":true,"href":"https:\/\/sprint.gr\/it\/wp-json\/wp\/v2\/comments?post=40162"}],"version-history":[{"count":7,"href":"https:\/\/sprint.gr\/it\/wp-json\/wp\/v2\/pages\/40162\/revisions"}],"predecessor-version":[{"id":43251,"href":"https:\/\/sprint.gr\/it\/wp-json\/wp\/v2\/pages\/40162\/revisions\/43251"}],"wp:attachment":[{"href":"https:\/\/sprint.gr\/it\/wp-json\/wp\/v2\/media?parent=40162"}],"curies":[{"name":"wp","href":"https:\/\/api.w.org\/{rel}","templated":true}]}}